{"id":159,"date":"2024-04-12T14:46:29","date_gmt":"2024-04-12T14:46:29","guid":{"rendered":"https:\/\/registrations.medcomnet24.eurecom.fr\/?page_id=159"},"modified":"2025-06-24T17:05:16","modified_gmt":"2025-06-24T17:05:16","slug":"mentions-legales","status":"publish","type":"page","link":"https:\/\/ers.eurecom.fr\/en\/mentions-legales\/","title":{"rendered":"Mentions Legales"},"content":{"rendered":"\n<p>Les pr\u00e9sentes mentions l\u00e9gales ont pour objet la mise \u00e0 la connaissance du public des informations l\u00e9gales du site&nbsp;<a href=\"https:\/\/ers.eurecom.fr\/\">https:\/\/ers.eurecom.fr<\/a>&nbsp;(<strong>ci-apr\u00e8s&nbsp;d\u00e9nomm\u00e9<\/strong>&nbsp;<strong>\u00ab le Site \u00bb<\/strong>).<\/p>\n\n\n\n<p>Les pr\u00e9sentes Mentions L\u00e9gales sont accessibles sur le Site \u00e0 la rubrique \u00ab<strong>Mentions L\u00e9gales<\/strong>\u00bb.<\/p>\n\n\n\n<h4 class=\"wp-block-heading\">ARTICLE 1 : \u00c9diteur du Site<\/h4>\n\n\n\n<p>L\u2019\u00e9diteur du Site est EURECOM, Groupement d\u2019Int\u00e9r\u00eat \u00c9conomique (GIE) r\u00e9gi par l\u2019ordonnance du 23 septembre 1967 inscrit au Registre du Commerce et des Soci\u00e9t\u00e9s d\u2019Antibes, sous le num\u00e9ro 383 181 575 et SIRET 383 181 575 00028, dont le si\u00e8ge social se situe au Campus SophiaTech, 450, route des Chappes, 06410 BIOT, avec le num\u00e9ro de t\u00e9l\u00e9phone : +33 (0)4 93 00 81 00, (<strong>ci-apr\u00e8s d\u00e9nomm\u00e9e \u00abla Soci\u00e9t\u00e9\u00bb<\/strong>).<\/p>\n\n\n\n<p>Le responsable \u00e9ditorial du Site est J\u00e9r\u00f4me H\u00e4rri, domicili\u00e9 au 450 route des Chappes, 06904 Sophia-Antipolis France, dont le t\u00e9l\u00e9phone est +33 (0)4 93 00 81 34, et l\u2019adresse e-mail est jerome.haerri@eurecom.fr (ci-apr\u00e8s d\u00e9nomm\u00e9&nbsp;<strong>\u00abl\u2019\u00c9diteur\u00bb<\/strong>).<\/p>\n\n\n\n<h4 class=\"wp-block-heading\">ARTICLE 2 :  H\u00e9bergeur du Site<\/h4>\n\n\n\n<p>L\u2019h\u00e9bergeur du Site est la Soci\u00e9t\u00e9 pr\u00e9c\u00e9demment d\u00e9nomm\u00e9e (<strong>ci-apr\u00e8s d\u00e9nomm\u00e9e \u00abl\u2019H\u00e9bergeur\u00bb<\/strong>).<\/p>\n\n\n\n<p>L\u2019H\u00e9bergeur ainsi que ses serveurs de stockage sont situ\u00e9s \u00e0 l\u2019adresse de la Soci\u00e9t\u00e9.<\/p>\n\n\n\n<h4 class=\"wp-block-heading\">ARTICLE 3 : Propri\u00e9t\u00e9 Intellectuelle<\/h4>\n\n\n\n<p>Tous les \u00e9l\u00e9ments du Site appartiennent \u00e0 la Soci\u00e9t\u00e9 ou \u00e0 un mandataire, ou sont utilis\u00e9s par la Soci\u00e9t\u00e9 avec l\u2019autorisation de leurs propri\u00e9taires.<\/p>\n\n\n\n<p>Il est interdit de repr\u00e9senter, reproduire, modifier, publier, adapter, exploiter tout ou partie du Site ou des \u00e9l\u00e9ments qui les composent sur quelque support que ce soit, par quelque moyen que ce soit \u00e0 d\u2019autres fins que pour l\u2019usage personnel et priv\u00e9 de l\u2019Utilisateur dans un but non commercial sans autorisation pr\u00e9alable et \u00e9crite de la Soci\u00e9t\u00e9 et de ses partenaires correspondants.<\/p>\n\n\n\n<p>La violation de ces dispositions expose l\u2019utilisateur aux sanctions pr\u00e9vues par le Code de la Propri\u00e9t\u00e9 Intellectuelle et par le Code P\u00e9nal au titre notamment de la contrefa\u00e7on de droit d\u2019auteur et de droit des marques, qu\u2019\u00e0 celles pr\u00e9vues par le Code Civil en mati\u00e8re de responsabilit\u00e9 civile.<\/p>\n\n\n\n<p>Le fait pour la Soci\u00e9t\u00e9 de ne pas engager de proc\u00e9dure d\u00e8s la prise de connaissance de ces utilisations non autoris\u00e9es ne vaut pas acceptation desdites utilisations et renonciation aux poursuites.<\/p>\n\n\n\n<h4 class=\"wp-block-heading\">ARTICLE 4 : Objectif et Utilisation des Contenus<\/h4>\n\n\n\n<p>Le Site&nbsp;permet \u00e0 un utilisateur un acc\u00e8s aux services suivants :<\/p>\n\n\n\n<ul class=\"wp-block-list\">\n<li>Inscription \u00e0 des \u00e9v\u00e9nements et services propos\u00e9s par la Soci\u00e9t\u00e9.<\/li>\n<\/ul>\n\n\n\n<p>Les Conditions G\u00e9n\u00e9rales d\u2019Utilisation du Site (CGU) sont disponible ici:\u00a0<a href=\"https:\/\/ers.eurecom.fr\/conditions-generales-dutilisation-cgu\/\">CGU<\/a>.<\/p>\n\n\n\n<p>Les Conditions G\u00e9n\u00e9rales de Vente (CGV) des produits de la Soci\u00e9t\u00e9 \u00e0 travers le Site sont disponibles ici:\u00a0<a href=\"https:\/\/ers.eurecom.fr\/conditions-generales-de-vente-cgv\/\">CGV<\/a>.<\/p>\n\n\n\n<h4 class=\"wp-block-heading\">ARTICLE 5 : Politique de Confidentialit\u00e9<\/h4>\n\n\n\n<p>Le Site h\u00e9berge des cookies et respecte les dispositions du RGPD, notamment en permettant \u00e0 l\u2019utilisateur de bloquer les cookies.<\/p>\n\n\n\n<p>La politique de cookies est disponible ici:&nbsp;<a href=\"https:\/\/registrations.medcomnet24.eurecom.fr\/1713434444961\/cookie-policy-eu\/\">Politique Cookies<\/a>.<\/p>\n\n\n\n<p>Le Site traite certaines donn\u00e9es de l\u2019utilisateur du Site en conformit\u00e9 avec le RGPD et \u00e0 des fins de fonctionnement du Site ou mise \u00e0 disposition des services du Site.<\/p>\n\n\n\n<p>La Politique de Confidentialit\u00e9 du Site est disponible ici:\u00a0<a href=\"https:\/\/ers.eurecom.fr\/conditions-generales-dutilisation-cgu\" data-type=\"link\" data-id=\"https:\/\/ers.eurecom.fr\/conditions-generales-dutilisation-cgu\">CGU<\/a>.<\/p>\n\n\n\n<h4 class=\"wp-block-heading\">ARTICLE 6 : <strong>Contacts<\/strong><\/h4>\n\n\n\n<p>Vous pouvez nous contacter&nbsp;:<\/p>\n\n\n\n<ul class=\"wp-block-list\">\n<li>Par courrier\u00a0: EURECOM,  CS50193, 06904 SOPHIA ANTIPOLIS cedex, France<\/li>\n\n\n\n<li>Par t\u00e9l\u00e9phone\u00a0:\u00a0+33 (0)4 93 00 81 00<\/li>\n\n\n\n<li>Par email\u00a0:<\/li>\n<\/ul>\n\n\n\n<p>Pour toute question relative au contenu et au fonctionnement de ce site\u00a0: jerome.haerri @ eurecom.fr<\/p>\n\n\n\n<p>Pour toute question concernant les cookies et l\u2019utilisation de vos donn\u00e9es personnelles&nbsp;: rgpd @ eurecom.fr<\/p>\n\n\n\n<h4 class=\"wp-block-heading\">ARTICLE 7 : Droit applicable et juridiction comp\u00e9tente<\/h4>\n\n\n\n<p>Les pr\u00e9sentes conditions sont r\u00e9gies par les lois fran\u00e7aises et toute contestation ou litiges qui pourraient na\u00eetre de l&#8217;interpr\u00e9tation ou de l&#8217;ex\u00e9cution de celles-ci seront de la comp\u00e9tence exclusive des tribunaux dont d\u00e9pend le si\u00e8ge social de la Soci\u00e9t\u00e9.<\/p>\n\n\n\n<p>La langue de r\u00e9f\u00e9rence, pour le r\u00e8glement de contentieux \u00e9ventuels, est le fran\u00e7ais.&nbsp;<\/p>\n","protected":false},"excerpt":{"rendered":"<p>Les pr\u00e9sentes mentions l\u00e9gales ont pour objet la mise \u00e0 la connaissance du public des informations l\u00e9gales du site&nbsp;https:\/\/ers.eurecom.fr&nbsp;(ci-apr\u00e8s&nbsp;d\u00e9nomm\u00e9&nbsp;\u00ab le [&hellip;]<\/p>\n","protected":false},"author":1,"featured_media":0,"parent":0,"menu_order":0,"comment_status":"closed","ping_status":"closed","template":"","meta":{"_uag_custom_page_level_css":"","site-sidebar-layout":"default","site-content-layout":"","ast-site-content-layout":"default","site-content-style":"default","site-sidebar-style":"default","ast-global-header-display":"","ast-banner-title-visibility":"","ast-main-header-display":"","ast-hfb-above-header-display":"","ast-hfb-below-header-display":"","ast-hfb-mobile-header-display":"","site-post-title":"","ast-breadcrumbs-content":"","ast-featured-img":"","footer-sml-layout":"","ast-disable-related-posts":"","theme-transparent-header-meta":"","adv-header-id-meta":"","stick-header-meta":"","header-above-stick-meta":"","header-main-stick-meta":"","header-below-stick-meta":"","astra-migrate-meta-layouts":"default","ast-page-background-enabled":"default","ast-page-background-meta":{"desktop":{"background-color":"var(--ast-global-color-5)","background-image":"","background-repeat":"repeat","background-position":"center center","background-size":"auto","background-attachment":"scroll","background-type":"","background-media":"","overlay-type":"","overlay-color":"","overlay-opacity":"","overlay-gradient":""},"tablet":{"background-color":"","background-image":"","background-repeat":"repeat","background-position":"center center","background-size":"auto","background-attachment":"scroll","background-type":"","background-media":"","overlay-type":"","overlay-color":"","overlay-opacity":"","overlay-gradient":""},"mobile":{"background-color":"","background-image":"","background-repeat":"repeat","background-position":"center center","background-size":"auto","background-attachment":"scroll","background-type":"","background-media":"","overlay-type":"","overlay-color":"","overlay-opacity":"","overlay-gradient":""}},"ast-content-background-meta":{"desktop":{"background-color":"var(--ast-global-color-4)","background-image":"","background-repeat":"repeat","background-position":"center center","background-size":"auto","background-attachment":"scroll","background-type":"","background-media":"","overlay-type":"","overlay-color":"","overlay-opacity":"","overlay-gradient":""},"tablet":{"background-color":"var(--ast-global-color-4)","background-image":"","background-repeat":"repeat","background-position":"center center","background-size":"auto","background-attachment":"scroll","background-type":"","background-media":"","overlay-type":"","overlay-color":"","overlay-opacity":"","overlay-gradient":""},"mobile":{"background-color":"var(--ast-global-color-4)","background-image":"","background-repeat":"repeat","background-position":"center center","background-size":"auto","background-attachment":"scroll","background-type":"","background-media":"","overlay-type":"","overlay-color":"","overlay-opacity":"","overlay-gradient":""}},"footnotes":""},"class_list":["post-159","page","type-page","status-publish","hentry"],"uagb_featured_image_src":{"full":false,"thumbnail":false,"medium":false,"medium_large":false,"large":false,"1536x1536":false,"2048x2048":false,"trp-custom-language-flag":false,"woocommerce_thumbnail":false,"woocommerce_single":false,"woocommerce_gallery_thumbnail":false},"uagb_author_info":{"display_name":"dark commander","author_link":"https:\/\/ers.eurecom.fr\/en\/author\/ysc8cfxng18s\/"},"uagb_comment_info":0,"uagb_excerpt":"Les pr\u00e9sentes mentions l\u00e9gales ont pour objet la mise \u00e0 la connaissance du public des informations l\u00e9gales du site&nbsp;https:\/\/ers.eurecom.fr&nbsp;(ci-apr\u00e8s&nbsp;d\u00e9nomm\u00e9&nbsp;\u00ab le [&hellip;]","_links":{"self":[{"href":"https:\/\/ers.eurecom.fr\/en\/wp-json\/wp\/v2\/pages\/159","targetHints":{"allow":["GET"]}}],"collection":[{"href":"https:\/\/ers.eurecom.fr\/en\/wp-json\/wp\/v2\/pages"}],"about":[{"href":"https:\/\/ers.eurecom.fr\/en\/wp-json\/wp\/v2\/types\/page"}],"author":[{"embeddable":true,"href":"https:\/\/ers.eurecom.fr\/en\/wp-json\/wp\/v2\/users\/1"}],"replies":[{"embeddable":true,"href":"https:\/\/ers.eurecom.fr\/en\/wp-json\/wp\/v2\/comments?post=159"}],"version-history":[{"count":0,"href":"https:\/\/ers.eurecom.fr\/en\/wp-json\/wp\/v2\/pages\/159\/revisions"}],"wp:attachment":[{"href":"https:\/\/ers.eurecom.fr\/en\/wp-json\/wp\/v2\/media?parent=159"}],"curies":[{"name":"wp","href":"https:\/\/api.w.org\/{rel}","templated":true}]}}