{"id":80,"date":"2024-04-11T11:18:57","date_gmt":"2024-04-11T11:18:57","guid":{"rendered":"https:\/\/registrations.medcomnet24.eurecom.fr\/?page_id=3"},"modified":"2025-06-24T17:22:21","modified_gmt":"2025-06-24T17:22:21","slug":"conditions-generales-dutilisation-cgu","status":"publish","type":"page","link":"https:\/\/ers.eurecom.fr\/en\/conditions-generales-dutilisation-cgu\/","title":{"rendered":"Conditions G\u00e9n\u00e9rales d&#8217;Utilisation (CGU)"},"content":{"rendered":"\n<p>Les pr\u00e9sentes conditions g\u00e9n\u00e9rales d\u2019utilisation (dites \u00ab&nbsp;<strong>CGU<\/strong>&nbsp;\u00bb) ont pour objet l\u2019encadrement juridique des modalit\u00e9s de mise \u00e0 disposition du site&nbsp;<a href=\"https:\/\/ers.eurecom.fr\/\">https:\/\/ers.eurecom.fr\/<\/a>&nbsp;(<strong>ci-apr\u00e8s&nbsp;d\u00e9nomm\u00e9<\/strong>&nbsp;<strong>\u00ab le Site \u00bb<\/strong>) et de d\u00e9finir les conditions d\u2019acc\u00e8s et d\u2019utilisation des services du Site par \u00ab<strong>l\u2019Utilisateur<\/strong>\u00bb.<\/p>\n\n\n\n<p>Les pr\u00e9sentes CGU sont accessibles sur le site \u00e0 la rubrique \u00ab<strong>CGU<\/strong>\u00bb.<\/p>\n\n\n\n<h4 class=\"wp-block-heading\">Article 1 : Les mentions l\u00e9gales <\/h4>\n\n\n\n<p>L\u2019h\u00e9bergeur et l\u2019\u00e9diteur du Site est EURECOM, Groupement d\u2019Int\u00e9r\u00eat \u00c9conomique (GIE) r\u00e9gi par l\u2019ordonnance du 23 septembre 1967 inscrit au Registre du Commerce et des Soci\u00e9t\u00e9s d\u2019Antibes, sous le num\u00e9ro 383 181 575 et SIRET 383 181 575 00028, dont le si\u00e8ge social se situe au Campus SophiaTech, 450, route des Chappes, 06410 BIOT, avec le num\u00e9ro de t\u00e9l\u00e9phone : +33 (0)4 93 00 81 00, (<strong>ci-apr\u00e8s d\u00e9nomm\u00e9e \u00abla Soci\u00e9t\u00e9\u00bb<\/strong>).<\/p>\n\n\n\n<p>Le responsable \u00e9ditorial du Site est J\u00e9r\u00f4me H\u00e4rri, domicili\u00e9 au 450 route des Chappes, 06904 Sophia-Antipolis France, dont le t\u00e9l\u00e9phone est +33 (0)4 93 00 81 34, et l\u2019adresse e-mail est jerome.haerri @ eurecom.fr.<\/p>\n\n\n\n<h4 class=\"wp-block-heading\">ARTICLE 2 : Acc\u00e8s au site <\/h4>\n\n\n\n<p>Le Site&nbsp;permet \u00e0 l\u2019Utilisateur un acc\u00e8s aux services suivants :<\/p>\n\n\n\n<ul class=\"wp-block-list\">\n<li>Inscription \u00e0 des \u00e9v\u00e9nement et services propos\u00e9s par la Soci\u00e9t\u00e9.<\/li>\n<\/ul>\n\n\n\n<p>Le site est accessible en tout lieu \u00e0 tout Utilisateur ayant un acc\u00e8s \u00e0 Internet. Tous les frais support\u00e9s par l\u2019Utilisateur pour acc\u00e9der au service (mat\u00e9riel informatique, logiciels, connexion Internet, etc.) sont \u00e0 sa charge.<\/p>\n\n\n\n<h4 class=\"wp-block-heading\">ARTICLE 3 : Collecte des donn\u00e9es <\/h4>\n\n\n\n<p>Les donn\u00e9es personnelles concernant l\u2019Utilisateur peuvent faire l\u2019objet d\u2019un traitement automatis\u00e9 conforme au r\u00e8glement europ\u00e9en (UE) n. 2016\/679 du 27 avril 2016 relatif \u00e0 la protection des personnes physiques \u00e0 l\u2019\u00e9gard du traitement des donn\u00e9es \u00e0 caract\u00e8re personnel (RGPD), et \u00e0 la loi relative \u00e0 la protection des donn\u00e9es personnelles n. 2018-493 du 20 juin 2018.<\/p>\n\n\n\n<p>Le responsable du traitement est la Soci\u00e9t\u00e9.<\/p>\n\n\n\n<h5 class=\"wp-block-heading\">3.1 Finalit\u00e9 des donn\u00e9es collect\u00e9es<\/h5>\n\n\n\n<p>Le Site&nbsp;est susceptible de traiter tout ou partie des donn\u00e9es :<\/p>\n\n\n\n<ul class=\"wp-block-list\">\n<li>pour permettre la gestion et la tra\u00e7abilit\u00e9 des prestations et services command\u00e9s par l\u2019Utilisateur : re\u00e7us, historique des commandes, etc.<\/li>\n\n\n\n<li>pour pr\u00e9venir et lutter contre la fraude informatique (spamming, hacking\u2026) : mat\u00e9riel informatique utilis\u00e9 pour la navigation, l\u2019adresse IP)<\/li>\n<\/ul>\n\n\n\n<h5 class=\"wp-block-heading\">3.2 Droit d\u2019acc\u00e8s, de rectification et d\u2019opposition<\/h5>\n\n\n\n<p>Conform\u00e9ment \u00e0 la r\u00e9glementation europ\u00e9enne en vigueur, l\u2019Utilisateur dispose des droits suivants :<\/p>\n\n\n\n<ul class=\"wp-block-list\">\n<li>droit d\u2019acc\u00e8s (article 15 RGPD) et de rectification (article 16 RGPD), de mise \u00e0 jour, de compl\u00e9tude des donn\u00e9es des Utilisateurs droit de verrouillage ou d\u2019effacement des donn\u00e9es des Utilisateurs \u00e0 caract\u00e8re personnel (article 17 du RGPD), lorsqu\u2019elles sont inexactes, incompl\u00e8tes, \u00e9quivoques, p\u00e9rim\u00e9es, ou dont la collecte, l\u2019utilisation, la communication ou la conservation est interdite.<\/li>\n\n\n\n<li>droit de retirer \u00e0 tout moment un consentement (article 13-2c RGPD).<\/li>\n\n\n\n<li>droit \u00e0 la limitation du traitement des donn\u00e9es des Utilisateurs (article 18 RGPD).<\/li>\n\n\n\n<li>droit d\u2019opposition au traitement des donn\u00e9es des Utilisateurs (article 21 RGPD).<\/li>\n\n\n\n<li>droit \u00e0 la portabilit\u00e9 des donn\u00e9es que les Utilisateurs auront fournies, lorsque ces donn\u00e9es font l\u2019objet de traitements automatis\u00e9s fond\u00e9s sur leur consentement ou sur un contrat (article 20 RGPD).<\/li>\n<\/ul>\n\n\n\n<p>Pour toute question relative au traitement de vos donn\u00e9es ou pour exercer vos droits, vous pouvez contacter notre D\u00e9l\u00e9gu\u00e9 \u00e0 la Protection des Donn\u00e9es Personnelles via l\u2019adresse suivante : rgpd @ eurecom.fr<\/p>\n\n\n\n<h5 class=\"wp-block-heading\">3.3 : Non-communication des donn\u00e9es personnelles<\/h5>\n\n\n\n<p>Le Site s\u2019interdit de traiter, h\u00e9berger ou transf\u00e9rer les Informations collect\u00e9es sur l\u2019Utilisateur vers un pays situ\u00e9 en dehors de l\u2019Union europ\u00e9enne ou reconnu comme \u00ab non ad\u00e9quat \u00bb par la Commission europ\u00e9enne sans en informer pr\u00e9alablement l\u2019Utilisateur. Pour autant, le Site reste libre du choix de ses sous-traitants techniques et commerciaux \u00e0 la condition qu\u2019ils pr\u00e9sentent les garanties suffisantes au regard des exigences du R\u00e8glement G\u00e9n\u00e9ral sur la Protection des Donn\u00e9es .<\/p>\n\n\n\n<p>Le Site s\u2019engage \u00e0 prendre toutes les pr\u00e9cautions n\u00e9cessaires afin de pr\u00e9server la s\u00e9curit\u00e9 des Informations et notamment qu\u2019elles ne soient pas communiqu\u00e9es \u00e0 des personnes non autoris\u00e9es. Cependant, si un incident impactant l\u2019int\u00e9grit\u00e9 ou la confidentialit\u00e9 des Informations de l\u2019Utilisateur est port\u00e9e \u00e0 la connaissance de la Soci\u00e9t\u00e9, celle-ci devra dans les meilleurs d\u00e9lais informer l\u2019Utilisateur et lui communiquer les mesures de corrections prises. Par ailleurs ni la Soci\u00e9t\u00e9 ni le Site\u00a0ne collectent des \u00abdonn\u00e9es sensibles\u00bb. <\/p>\n\n\n\n<p>Les donn\u00e9es personnelles de l\u2019Utilisateur peuvent \u00eatre trait\u00e9es par des filiales de la Soci\u00e9t\u00e9\u00a0et des sous-traitants (prestataires de services), exclusivement pour le bon fonctionnement du Site et des prestations associ\u00e9es, et notamment par le prestataire de paiement s\u00e9curis\u00e9 Stripe.<\/p>\n\n\n\n<h5 class=\"wp-block-heading\">3.3 : Types de donn\u00e9es collect\u00e9es<\/h5>\n\n\n\n<p>Pour le bon fonctionnement du site et la r\u00e9alisation des prestations la Soci\u00e9t\u00e9 va collecter les donn\u00e9es suivantes\u00a0:<\/p>\n\n\n\n<ul class=\"wp-block-list\">\n<li>la liste des commandes effectu\u00e9es sur le Site, les informations de transactions de la commande \u2013 le nom du Client, le nom de la soci\u00e9t\u00e9, le num\u00e9ro de TVA de la soci\u00e9t\u00e9 (le cas \u00e9ch\u00e9ant), l\u2019adresse e-mail et l\u2019adresse postale du Client.<\/li>\n<\/ul>\n\n\n\n<p>A l\u2019\u00e9tape de validation de la commande, le Site recueille le num\u00e9ro de carte bancaire, sa date d\u2019expiration et le code de s\u00e9curit\u00e9. Ces informations sont transmises \u00e0 notre passerelle de paiements&nbsp;<strong>Stripe<\/strong>&nbsp;pour traiter la commande. Aucune donn\u00e9e de carte bancaire n\u2019est conserv\u00e9e sur le Site.<\/p>\n\n\n\n<p>La politique de la passerelle de paiements\u00a0<strong>Stripe<\/strong>\u00a0est \u00e0 consulter la page suivante:\u00a0<a href=\"https:\/\/stripe.com\/fr-be\/privacy\">https:\/\/stripe.com\/fr-be\/privacy<\/a><\/p>\n\n\n\n<h5 class=\"wp-block-heading\">3.3 : Dur\u00e9e de conservation des donn\u00e9es collect\u00e9es<\/h5>\n\n\n\n<p>Vos donn\u00e9es personnelles sont conserv\u00e9es le temps n\u00e9cessaire \u00e0 l\u2019accomplissement de la finalit\u00e9 pour laquelle elles ont \u00e9t\u00e9 collect\u00e9es ou conform\u00e9ment aux exigences l\u00e9gales.<\/p>\n\n\n\n<p>La dur\u00e9e de conservation varie selon plusieurs facteurs et notamment :<\/p>\n\n\n\n<ul class=\"wp-block-list\">\n<li>Les exigences contractuelles<\/li>\n\n\n\n<li>Les obligations l\u00e9gales<\/li>\n\n\n\n<li>Les recommandations des autorit\u00e9s de contr\u00f4le<\/li>\n<\/ul>\n\n\n\n<p>Au-del\u00e0 de la dur\u00e9e pr\u00e9vue, vos donn\u00e9es personnelles seront d\u00e9finitivement supprim\u00e9es.<\/p>\n\n\n\n<h4 class=\"wp-block-heading\">ARTICLE 4 : Propri\u00e9t\u00e9 intellectuelle <\/h4>\n\n\n\n<p>Tous les \u00e9l\u00e9ments du Site appartiennent \u00e0 la Soci\u00e9t\u00e9, ou sont utilis\u00e9s par la Soci\u00e9t\u00e9 avec l\u2019autorisation de leurs propri\u00e9taires.<em><\/em><\/p>\n\n\n\n<p>L&#8217;ensemble des contenus de ce site Internet est soumis \u00e0 la protection du droit d&#8217;auteur, il est couvert par les r\u00e8gles fran\u00e7aises et internationales relatives au droit d&#8217;auteur et la protection de la propri\u00e9t\u00e9 intellectuelle. Tous les droits sont r\u00e9serv\u00e9s, y compris les droits de copier, afficher, t\u00e9l\u00e9charger reproduire tout document, photo ou image situ\u00e9e sur ce site web.<\/p>\n\n\n\n<p>Les marques et logos repr\u00e9sent\u00e9s sur ce site sont prot\u00e9g\u00e9s en vertu des r\u00e8glements de propri\u00e9t\u00e9 intellectuelle de leurs propri\u00e9taires. La reproduction de marques et \/ ou logos, tout ou en partie, contenues sur ce site web est interdite, sauf si express\u00e9ment autoris\u00e9 par \u00e9crit par le responsable \u00e9ditorial du Site.<\/p>\n\n\n\n<p>Le non-respect de cette interdiction constitue un acte de contrefa\u00e7on pouvant engager la responsabilit\u00e9 civile et\/ou p\u00e9nale de son auteur. EURECOM se r\u00e9serve le droit d\u2019engager des poursuites judiciaires \u00e0 l\u2019encontre de toute personne qui n\u2019aurait pas respect\u00e9 cette interdiction.<\/p>\n\n\n\n<p>Le fait pour la Soci\u00e9t\u00e9 de ne pas engager de proc\u00e9dure d\u00e8s la prise de connaissance de ces utilisations non autoris\u00e9es ne vaut pas acceptation desdites utilisations et renonciation aux poursuites.<\/p>\n\n\n\n<h4 class=\"wp-block-heading\">ARTICLE 5 : Responsabilit\u00e9 <\/h4>\n\n\n\n<p>Les sources des informations diffus\u00e9es sur le Site sont r\u00e9put\u00e9es fiables mais le site ne garantit pas qu\u2019il soit exempt de d\u00e9fauts, d\u2019erreurs ou d\u2019omissions.<\/p>\n\n\n\n<p>Les informations communiqu\u00e9es sont pr\u00e9sent\u00e9es \u00e0 titre indicatif et g\u00e9n\u00e9ral sans valeur contractuelle. Malgr\u00e9 des mises \u00e0 jour r\u00e9guli\u00e8res, le Site ne peut \u00eatre tenu responsable de la modification des dispositions administratives et juridiques survenant apr\u00e8s la publication. De m\u00eame, le Site ne peut \u00eatre tenue responsable de l\u2019utilisation et de l\u2019interpr\u00e9tation de l\u2019information contenue dans ce site.<\/p>\n\n\n\n<p>Le Site ne peut \u00eatre tenu pour responsable d\u2019\u00e9ventuels virus qui pourraient infecter l\u2019ordinateur ou tout mat\u00e9riel informatique de l\u2019Internaute, suite \u00e0 une utilisation, \u00e0 l\u2019acc\u00e8s, ou au t\u00e9l\u00e9chargement provenant de ce site.<\/p>\n\n\n\n<p>La responsabilit\u00e9 du Site ne peut \u00eatre engag\u00e9e en cas de force majeure ou du fait impr\u00e9visible et insurmontable d&#8217;un tiers.<\/p>\n\n\n\n<h4 class=\"wp-block-heading\">ARTICLE 5 : Responsabilit\u00e9 <\/h4>\n\n\n\n<p>Les informations contenues sur ce site sont aussi pr\u00e9cises que possible et le site est p\u00e9riodiquement remis \u00e0 jour, mais peut toutefois contenir des inexactitudes, des omissions ou des lacunes sans que cela ne puisse engager la responsabilit\u00e9 de la Soci\u00e9t\u00e9.<\/p>\n\n\n\n<p>Les informations contenues dans le site peuvent faire l\u2019objet de modification ou de suppression \u00e0 tout moment et sans pr\u00e9avis.<\/p>\n\n\n\n<p>En cas de dysfonctionnement du site vous pouvez contacter le responsable \u00e9ditorial du Site.<\/p>\n\n\n\n<p>Tout contenu t\u00e9l\u00e9charg\u00e9 se fait aux risques et p\u00e9rils de l&#8217;utilisateur et sous sa seule responsabilit\u00e9. En cons\u00e9quence, la Soci\u00e9t\u00e9&nbsp;ne saurait en aucun cas \u00eatre tenue responsable d&#8217;un quelconque dommage subi par l&#8217;ordinateur de l&#8217;utilisateur ou d&#8217;une quelconque perte de donn\u00e9es cons\u00e9cutives au t\u00e9l\u00e9chargement.<\/p>\n\n\n\n<p>Les photos pr\u00e9sentes sur le site internet sont non contractuelles.<\/p>\n\n\n\n<h4 class=\"wp-block-heading\">ARTICLE 6 : Liens hypertextes <\/h4>\n\n\n\n<p>Des liens hypertextes peuvent \u00eatre pr\u00e9sents sur le site. L\u2019Utilisateur est inform\u00e9 qu\u2019en cliquant sur ces liens, il sortira du Site. Ce dernier n\u2019a pas de contr\u00f4le sur les pages web sur lesquelles aboutissent ces liens et ne saurait, en aucun cas, \u00eatre responsable de leur contenu.<\/p>\n\n\n\n<h4 class=\"wp-block-heading\">ARTICLE 7 : Cookies <\/h4>\n\n\n\n<p>L\u2019Utilisateur est inform\u00e9 que lors de ses visites sur le site, un cookie peut s\u2019installer automatiquement sur son logiciel de navigation.<\/p>\n\n\n\n<p>Les cookies sont de petits fichiers stock\u00e9s temporairement sur le disque dur de l\u2019ordinateur de l\u2019Utilisateur par votre navigateur et qui sont n\u00e9cessaires \u00e0 l\u2019utilisation du Site. Les cookies ne contiennent pas d\u2019information personnelle et ne peuvent pas \u00eatre utilis\u00e9s pour identifier quelqu\u2019un. Un cookie contient un identifiant unique, g\u00e9n\u00e9r\u00e9 al\u00e9atoirement et donc anonyme. Certains cookies expirent \u00e0 la fin de la visite de l\u2019Utilisateur, d\u2019autres restent.<\/p>\n\n\n\n<p>L\u2019information contenue dans les cookies est utilis\u00e9e pour am\u00e9liorer le Site.<\/p>\n\n\n\n<p>En naviguant sur le Site, L\u2019Utilisateur accepte les cookies strictement n\u00e9cessaires au fonctionnement du Site.<\/p>\n\n\n\n<p>L\u2019Utilisateur doit toutefois donner son consentement quant \u00e0 l\u2019utilisation des autres cookies.<\/p>\n\n\n\n<p>A d\u00e9faut d\u2019acceptation, l\u2019Utilisateur est inform\u00e9 que certaines fonctionnalit\u00e9s ou pages risquent de lui \u00eatre refus\u00e9es.<\/p>\n\n\n\n<p>L\u2019Utilisateur pourra d\u00e9sactiver ces cookies par l\u2019interm\u00e9diaire des param\u00e8tres figurant au sein de son logiciel de navigation.<\/p>\n\n\n\n<h4 class=\"wp-block-heading\">ARTICLE 8 : Droit applicable et juridiction comp\u00e9tente <\/h4>\n\n\n\n<p>Les pr\u00e9sentes conditions sont r\u00e9gies par les lois fran\u00e7aises et toute contestation ou litiges qui pourraient na\u00eetre de l&#8217;interpr\u00e9tation ou de l&#8217;ex\u00e9cution de celles-ci seront de la comp\u00e9tence exclusive des tribunaux dont d\u00e9pend le si\u00e8ge social de la Soci\u00e9t\u00e9.<\/p>\n\n\n\n<p>La langue de r\u00e9f\u00e9rence, pour le r\u00e8glement de contentieux \u00e9ventuels, est le fran\u00e7ais.&nbsp;<\/p>\n","protected":false},"excerpt":{"rendered":"<p>Les pr\u00e9sentes conditions g\u00e9n\u00e9rales d\u2019utilisation (dites \u00ab&nbsp;CGU&nbsp;\u00bb) ont pour objet l\u2019encadrement juridique des modalit\u00e9s de mise \u00e0 disposition du site&nbsp;https:\/\/ers.eurecom.fr\/&nbsp;(ci-apr\u00e8s&nbsp;d\u00e9nomm\u00e9&nbsp;\u00ab [&hellip;]<\/p>\n","protected":false},"author":1,"featured_media":0,"parent":0,"menu_order":0,"comment_status":"closed","ping_status":"closed","template":"","meta":{"_uag_custom_page_level_css":"","site-sidebar-layout":"default","site-content-layout":"","ast-site-content-layout":"default","site-content-style":"default","site-sidebar-style":"default","ast-global-header-display":"","ast-banner-title-visibility":"","ast-main-header-display":"","ast-hfb-above-header-display":"","ast-hfb-below-header-display":"","ast-hfb-mobile-header-display":"","site-post-title":"","ast-breadcrumbs-content":"","ast-featured-img":"","footer-sml-layout":"","ast-disable-related-posts":"","theme-transparent-header-meta":"","adv-header-id-meta":"","stick-header-meta":"","header-above-stick-meta":"","header-main-stick-meta":"","header-below-stick-meta":"","astra-migrate-meta-layouts":"default","ast-page-background-enabled":"default","ast-page-background-meta":{"desktop":{"background-color":"var(--ast-global-color-5)","background-image":"","background-repeat":"repeat","background-position":"center center","background-size":"auto","background-attachment":"scroll","background-type":"","background-media":"","overlay-type":"","overlay-color":"","overlay-opacity":"","overlay-gradient":""},"tablet":{"background-color":"","background-image":"","background-repeat":"repeat","background-position":"center center","background-size":"auto","background-attachment":"scroll","background-type":"","background-media":"","overlay-type":"","overlay-color":"","overlay-opacity":"","overlay-gradient":""},"mobile":{"background-color":"","background-image":"","background-repeat":"repeat","background-position":"center center","background-size":"auto","background-attachment":"scroll","background-type":"","background-media":"","overlay-type":"","overlay-color":"","overlay-opacity":"","overlay-gradient":""}},"ast-content-background-meta":{"desktop":{"background-color":"var(--ast-global-color-4)","background-image":"","background-repeat":"repeat","background-position":"center center","background-size":"auto","background-attachment":"scroll","background-type":"","background-media":"","overlay-type":"","overlay-color":"","overlay-opacity":"","overlay-gradient":""},"tablet":{"background-color":"var(--ast-global-color-4)","background-image":"","background-repeat":"repeat","background-position":"center center","background-size":"auto","background-attachment":"scroll","background-type":"","background-media":"","overlay-type":"","overlay-color":"","overlay-opacity":"","overlay-gradient":""},"mobile":{"background-color":"var(--ast-global-color-4)","background-image":"","background-repeat":"repeat","background-position":"center center","background-size":"auto","background-attachment":"scroll","background-type":"","background-media":"","overlay-type":"","overlay-color":"","overlay-opacity":"","overlay-gradient":""}},"footnotes":""},"class_list":["post-80","page","type-page","status-publish","hentry"],"uagb_featured_image_src":{"full":false,"thumbnail":false,"medium":false,"medium_large":false,"large":false,"1536x1536":false,"2048x2048":false,"trp-custom-language-flag":false,"woocommerce_thumbnail":false,"woocommerce_single":false,"woocommerce_gallery_thumbnail":false},"uagb_author_info":{"display_name":"dark commander","author_link":"https:\/\/ers.eurecom.fr\/en\/author\/ysc8cfxng18s\/"},"uagb_comment_info":0,"uagb_excerpt":"Les pr\u00e9sentes conditions g\u00e9n\u00e9rales d\u2019utilisation (dites \u00ab&nbsp;CGU&nbsp;\u00bb) ont pour objet l\u2019encadrement juridique des modalit\u00e9s de mise \u00e0 disposition du site&nbsp;https:\/\/ers.eurecom.fr\/&nbsp;(ci-apr\u00e8s&nbsp;d\u00e9nomm\u00e9&nbsp;\u00ab [&hellip;]","_links":{"self":[{"href":"https:\/\/ers.eurecom.fr\/en\/wp-json\/wp\/v2\/pages\/80","targetHints":{"allow":["GET"]}}],"collection":[{"href":"https:\/\/ers.eurecom.fr\/en\/wp-json\/wp\/v2\/pages"}],"about":[{"href":"https:\/\/ers.eurecom.fr\/en\/wp-json\/wp\/v2\/types\/page"}],"author":[{"embeddable":true,"href":"https:\/\/ers.eurecom.fr\/en\/wp-json\/wp\/v2\/users\/1"}],"replies":[{"embeddable":true,"href":"https:\/\/ers.eurecom.fr\/en\/wp-json\/wp\/v2\/comments?post=80"}],"version-history":[{"count":0,"href":"https:\/\/ers.eurecom.fr\/en\/wp-json\/wp\/v2\/pages\/80\/revisions"}],"wp:attachment":[{"href":"https:\/\/ers.eurecom.fr\/en\/wp-json\/wp\/v2\/media?parent=80"}],"curies":[{"name":"wp","href":"https:\/\/api.w.org\/{rel}","templated":true}]}}